{"id":3,"date":"2025-04-17T15:17:52","date_gmt":"2025-04-17T13:17:52","guid":{"rendered":"https:\/\/www.liselotte-andersen.net\/?page_id=3"},"modified":"2025-11-17T11:36:08","modified_gmt":"2025-11-17T10:36:08","slug":"politica-de-privacidad","status":"publish","type":"page","link":"https:\/\/www.liselotte-andersen.net\/es\/politique-de-confidentialite\/","title":{"rendered":"Pol\u00edtica de privacidad"},"content":{"rendered":"<div class=\"wpb-content-wrapper\"><div class=\"vc-row-container container\"><div class=\"vc_row wpb_row vc_row-fluid vc_custom_1753436151949\"><div class=\"wpb_column vc_column_container vc_col-sm-12\"><div class=\"vc_column-inner vc_custom_1498251402115\"><div class=\"wpb_wrapper\"><div class=\"vc_row wpb_row vc_inner vc_row-fluid vc_row-o-content-bottom vc_row-flex\"><div class=\"wpb_column vc_column_container vc_col-sm-8\"><div class=\"vc_column-inner\"><div class=\"wpb_wrapper\">\n\t<div class=\"wpb_text_column wpb_content_element vc_custom_1762265013756 post-formatting\" >\n\t\t<div class=\"wpb_wrapper\">\n\t\t\t<h1>Informaci\u00f3n jur\u00eddica<\/h1>\n\n\t\t<\/div>\n\t<\/div>\n\n\t<div class=\"wpb_text_column wpb_content_element post-formatting\" >\n\t\t<div class=\"wpb_wrapper\">\n\t\t\t<h5>El sitio web liselotte-andersen.net est\u00e1 editado por Liselotte Andersen, con domicilio social en 220 chemin de Bibemus, 13100 Aix en Provence. Tel\u00e9fono: 410 277 008 00042.<\/h5>\n<p><!-- \/wp:post-content --><\/p>\n<p><!-- wp:paragraph -->Directora de publicaci\u00f3n: Liselotte Andersen - contact@liselotte-andersen.net<br \/>Dise\u00f1o web :\u00a0<a href=\"https:\/\/studio.pymichel.fr\/\">Pierre-Yves Michel<\/a><\/p>\n<p><!-- \/wp:paragraph --><\/p>\n<p><!-- wp:paragraph -->El sitio web est\u00e1 alojado en la empresa\u00a0<a href=\"https:\/\/www.ovh.com\/fr\/\" target=\"_blank\" rel=\"noreferrer noopener\">OVH<\/a>, 2 rue Kellermann, 59100 Roubaix, Francia, capital: 10069020 euros, RCS Lille M\u00e9tropole 42476141900045, CIF: FR22424761419.<\/p>\n<p><!-- \/wp:paragraph --><\/p>\n<p><!-- wp:paragraph -->El sitio web\u00a0<a href=\"https:\/\/www.liselotte-andersen.net\/es\/\">liselotte-andersen.net<\/a> (el Sitio) es propiedad exclusiva de Liselotte Andersen.<\/p>\n<p><!-- \/wp:paragraph --><\/p>\n<p><!-- wp:paragraph -->La consulta del Sitio est\u00e1 sujeta a la plena aceptaci\u00f3n y cumplimiento por parte de los internautas de las siguientes condiciones de uso.<\/p>\n<p><!-- \/wp:paragraph --><\/p>\n<p><!-- wp:paragraph -->El internauta se compromete a hacer un uso personal y no comercial de la informaci\u00f3n contenida en el Sitio. En caso de incumplimiento de las disposiciones del presente aviso legal, el internauta podr\u00e1 incurrir en responsabilidad civil y\/o penal.<\/p>\n<p><!-- \/wp:paragraph -->\u00a0<\/p>\n<p><!-- wp:heading --><\/p>\n<h2 class=\"wp-block-heading\">1. Contenido del sitio<\/h2>\n<p><!-- \/wp:heading --><\/p>\n<p><!-- wp:paragraph -->El sitio est\u00e1 gestionado por Liselotte Andersen.<\/p>\n<p><!-- \/wp:paragraph --><\/p>\n<p><!-- wp:paragraph --><em><strong><s>Describa el objetivo principal de este sitio ...<\/s><\/strong><\/em><\/p>\n<p><!-- \/wp:paragraph -->\u00a0<\/p>\n<p><!-- wp:heading --><\/p>\n<h2 class=\"wp-block-heading\">2. 2. Propiedad intelectual<\/h2>\n<p><!-- \/wp:heading --><\/p>\n<p><!-- wp:paragraph -->En general, los datos, textos, informaci\u00f3n, logotipos, identidades visuales, im\u00e1genes, animadas o no, y su disposici\u00f3n, que aparecen en el Sitio son propiedad de Liselotte Andersen y est\u00e1n protegidos como tales por las disposiciones del C\u00f3digo de la Propiedad Intelectual franc\u00e9s.<\/p>\n<p><!-- \/wp:paragraph --><\/p>\n<p><!-- wp:paragraph -->Todos los internautas se comprometen a no utilizarlos fuera del marco ofrecido por el Sitio.<\/p>\n<p><!-- \/wp:paragraph -->\u00a0<\/p>\n<p><!-- wp:heading --><\/p>\n<h2 class=\"wp-block-heading\">3. Protecci\u00f3n de datos personales<\/h2>\n<p><!-- \/wp:heading --><\/p>\n<p><!-- wp:paragraph -->Es posible que se solicite a los usuarios de Internet que faciliten determinados datos personales al cumplimentar los formularios ofrecidos en el Sitio. La introducci\u00f3n de estos datos es necesaria para que Liselotte Andersen pueda tramitar la solicitud del internauta.<\/p>\n<p><!-- \/wp:paragraph -->Liselotte Andersen se compromete a cumplir las disposiciones de la Ley n.\u00ba 78-17, de 6 de enero de 1978, relativa a la inform\u00e1tica, los archivos y las libertades, en su versi\u00f3n modificada, y del Reglamento (UE) 2016\/679 del Parlamento Europeo y del Consejo, de 27 de abril de 2016, conocido como \u00abRGPD\u00bb, y a tomar todas las precauciones necesarias para proteger la seguridad de la informaci\u00f3n personal que se le conf\u00ede.<\/p>\n<p><!-- \/wp:paragraph -->\u00a0<\/p>\n<p><!-- wp:heading {\"level\":3} --><\/p>\n<h3 class=\"wp-block-heading\">Controlador de datos<\/h3>\n<p><!-- \/wp:heading -->Liselotte Andersen trata los datos personales de los usuarios de Internet en su calidad de responsable del tratamiento.<\/p>\n<p><!-- \/wp:paragraph -->\u00a0<\/p>\n<p><!-- wp:heading {\"level\":3} --><\/p>\n<h3 class=\"wp-block-heading\">Datos personales tratados y fines del tratamiento<\/h3>\n<p><!-- \/wp:heading -->Liselotte Andersen recopila en el Sitio datos personales de los internautas que se han puesto en contacto con ella, en particular a trav\u00e9s del formulario de contacto en l\u00ednea. Estos datos son necesarios para responder a las solicitudes de los internautas. En el marco de la prestaci\u00f3n de sus servicios, Liselotte Andersen s\u00f3lo trata los siguientes datos personales estrictamente necesarios para su solicitud de contacto: apellidos, nombre y direcci\u00f3n de correo electr\u00f3nico.<\/p>\n<p><!-- \/wp:paragraph --><\/p>\n<p><!-- wp:paragraph -->La \u00fanica finalidad del tratamiento de datos personales es permitirnos responder a las solicitudes de los internautas.<\/p>\n<p><!-- \/wp:paragraph -->\u00a0<\/p>\n<p><!-- wp:heading {\"level\":3} --><\/p>\n<h3 class=\"wp-block-heading\">Destinatarios de los datos personales<\/h3>\n<p><!-- \/wp:heading --><\/p>\n<p><!-- wp:paragraph -->Los datos personales recogidos en el Sitio son procesados exclusivamente por Liselotte Andersen. Los datos personales se almacenan en servidores de alojamiento ubicados en la Uni\u00f3n Europea.<\/p>\n<p><!-- \/wp:paragraph -->\u00a0<\/p>\n<p><!-- wp:heading {\"level\":3} --><\/p>\n<h3 class=\"wp-block-heading\">Periodo de conservaci\u00f3n de los datos personales<\/h3>\n<p><!-- \/wp:heading -->Liselotte Andersen se compromete a conservar estos datos personales, salvo disposici\u00f3n legal o reglamentaria en contrario, durante un per\u00edodo m\u00e1ximo de cinco a\u00f1os a partir del \u00faltimo contacto con el internauta, ya sea iniciado por Liselotte Andersen o por el internauta (por ejemplo, env\u00edo del bolet\u00edn informativo).<\/p>\n<p><!-- \/wp:paragraph --><\/p>\n<p><!-- wp:paragraph -->Al t\u00e9rmino de este plazo o en caso de ejercicio de sus derechos por parte de los internautas, Liselotte Andersen se compromete a destruir cualquier copia de los datos personales de los internautas que pueda poseer.<\/p>\n<p><!-- \/wp:paragraph -->\u00a0<\/p>\n<p><!-- wp:heading {\"level\":3} --><\/p>\n<h3 class=\"wp-block-heading\">Seguridad de los datos personales<\/h3>\n<p><!-- \/wp:heading -->Liselotte Andersen se compromete, en el marco de su obligaci\u00f3n de medios, a tomar todas las precauciones \u00fatiles y a aplicar las medidas t\u00e9cnicas y organizativas apropiadas para garantizar un nivel de seguridad adecuado y proteger los datos personales de los internautas contra la alteraci\u00f3n, la destrucci\u00f3n y el acceso no autorizado.<\/p>\n<p><!-- \/wp:paragraph -->\u00a0<\/p>\n<p><!-- wp:heading {\"level\":3} --><\/p>\n<h3 class=\"wp-block-heading\">Derechos de los internautas sobre sus datos personales<\/h3>\n<p><!-- \/wp:heading --><\/p>\n<p><!-- wp:paragraph -->Los internautas pueden ejercer sus derechos de acceso, rectificaci\u00f3n, supresi\u00f3n, oposici\u00f3n, limitaci\u00f3n del tratamiento, portabilidad de sus datos personales, derecho a no ser objeto de una decisi\u00f3n individual automatizada y derecho a revocar su consentimiento en relaci\u00f3n con los datos personales que faciliten.<\/p>\n<p><!-- \/wp:paragraph --><\/p>\n<p><!-- wp:paragraph -->Para ejercer cualquiera de estos derechos, env\u00ede su solicitud por correo electr\u00f3nico a la siguiente direcci\u00f3n: contact@liselotte-andersen.net<\/p>\n<p><!-- \/wp:paragraph -->Liselotte Andersen se compromete a responder lo antes posible y, a m\u00e1s tardar, en el plazo de un mes a partir de la recepci\u00f3n de la solicitud.<\/p>\n<p><!-- \/wp:paragraph --><\/p>\n<p><!-- wp:paragraph -->Si el internauta considera que el tratamiento de sus datos personales constituye una infracci\u00f3n de la legislaci\u00f3n vigente, puede presentar una denuncia ante la CNIL.<\/p>\n<p><!-- \/wp:paragraph -->\u00a0<\/p>\n<p><!-- wp:heading {\"level\":3} --><\/p>\n<h3 class=\"wp-block-heading\">Confidencialidad de los datos personales<\/h3>\n<p><!-- \/wp:heading -->Liselotte Andersen garantiza la confidencialidad de los datos personales tratados y asegura que las personas autorizadas a tratar dichos datos personales tambi\u00e9n se comprometen a respetar esta obligaci\u00f3n de confidencialidad.<\/p>\n<p><!-- \/wp:paragraph -->\u00a0<\/p>\n<p><!-- wp:heading --><\/p>\n<h2 class=\"wp-block-heading\">4. Cookies<\/h2>\n<p><!-- \/wp:heading --><\/p>\n<p><!-- wp:paragraph -->La navegaci\u00f3n por el Sitio puede dar lugar a la instalaci\u00f3n de cookies en el ordenador del usuario. Los datos obtenidos mediante estas cookies tienen por objeto facilitar la navegaci\u00f3n posterior por el Sitio y se utilizan para medir el n\u00famero de visitantes del mismo.<\/p>\n<p><!-- \/wp:paragraph --><\/p>\n<p><!-- wp:paragraph -->Los usuarios del Sitio pueden desactivar las cookies accediendo a las opciones de su navegador, como se indica a continuaci\u00f3n:<\/p>\n<p><!-- \/wp:paragraph -->\u00a0<\/p>\n<p><!-- wp:list --><\/p>\n<ul>\n<li style=\"list-style-type: none;\">\n<ul><!-- wp:list-item --><\/p>\n<li><a href=\"https:\/\/support.google.com\/chrome\/answer\/95647?hl=fr\">Google Chrome<\/a><\/li>\n<p><!-- \/wp:list-item --><\/p>\n<p><!-- wp:list-item --><\/p>\n<li><a href=\"https:\/\/support.mozilla.org\/fr\/kb\/activer-desactiver-cookies-preferences?redirectlocale=fr&amp;redirectslug=activer-desactiver-cookies\">Mozilla Firefox<\/a><\/li>\n<p><!-- \/wp:list-item --><\/p>\n<p><!-- wp:list-item --><\/p>\n<li><a href=\"https:\/\/support.apple.com\/kb\/PH17191?viewlocale=fr_FR&amp;locale=en_US\">Safari<\/a><\/li>\n<p><!-- \/wp:list-item --><\/p>\n<p><!-- wp:list-item --><\/p>\n<li><a href=\"http:\/\/help.opera.com\/Windows\/10.20\/fr\/cookies.html\">\u00d3pera<\/a><\/li>\n<p><!-- \/wp:list-item --><\/p>\n<p><!-- wp:list-item --><\/p>\n<li><a href=\"https:\/\/support.microsoft.com\/fr-fr\/help\/17442\/windows-internet-explorer-delete-manage-cookies#ie=ie-11\">Internet Explorer<\/a><\/li>\n<p><!-- \/wp:list-item --><\/p>\n<p><!-- wp:list-item --><\/p>\n<li><a href=\"https:\/\/privacy.microsoft.com\/fr-fr\/windows-10-microsoft-edge-and-privacy\">Borde<\/a><\/li>\n<\/ul>\n<\/li>\n<\/ul>\n<p><!-- \/wp:list-item --><!-- \/wp:list -->\u00a0<\/p>\n<p><!-- wp:heading --><\/p>\n<h2 class=\"wp-block-heading\">5. 5. Google Analytics<\/h2>\n<p><!-- \/wp:heading -->Liselotte Andersen utiliza Google Analytics para realizar un seguimiento de los visitantes de este sitio web. Google Analytics utiliza cookies para recopilar estos datos.<\/p>\n<p><!-- \/wp:paragraph -->Liselotte Andersen se compromete a tratar los datos recogidos de forma an\u00f3nima y a desactivar el \u2018intercambio de datos\u2019.<\/p>\n<p><!-- \/wp:paragraph -->\u00a0<\/p>\n<p><!-- wp:heading --><\/p>\n<h2 class=\"wp-block-heading\">6. Responsabilidad<\/h2>\n<p><!-- \/wp:heading -->Liselotte Andersen declina toda responsabilidad por los fallos de funcionamiento que puedan producirse en el Sitio y que provoquen la p\u00e9rdida de datos o la indisponibilidad de acceso a la informaci\u00f3n producida en el Sitio. Liselotte Andersen no puede garantizar la exhaustividad y exactitud de la informaci\u00f3n contenida en el Sitio ni que no haya sido modificada por terceros (intrusi\u00f3n, virus). Los usuarios de Internet son los \u00fanicos responsables del uso que hagan del contenido del Sitio.<\/p>\n<p><!-- \/wp:paragraph --><\/p>\n<p><!-- wp:paragraph -->Los elementos presentados en el Sitio est\u00e1n sujetos a cambios sin previo aviso y se ponen a disposici\u00f3n de los internautas sin ninguna garant\u00eda expresa o t\u00e1cita de ning\u00fan tipo.<\/p>\n\n\t\t<\/div>\n\t<\/div>\n<\/div><\/div><\/div><div class=\"wpb_column vc_column_container vc_col-sm-4 vc_hidden-lg vc_hidden-md vc_hidden-sm vc_hidden-xs\"><div class=\"vc_column-inner\"><div class=\"wpb_wrapper\"><\/div><\/div><\/div><\/div><\/div><\/div><\/div><\/div><\/div><\/div>","protected":false},"excerpt":{"rendered":"Mentions l\u00e9gales Le site liselotte-andersen.net est \u00e9dit\u00e9 par Liselotte Andersen ayant son si\u00e8ge social situ\u00e9 au 220 chemin de Bibemus, 13100 Aix en Provence. Siret: 410 277 008 00042. Directeur de la publication : Liselotte Andersen \u2013 contact@liselotte-andersen.netConception web :\u00a0Pierre-Yves Michel Le site Internet est h\u00e9berg\u00e9 par la soci\u00e9t\u00e9\u00a0OVH, 2 rue Kellermann, 59100 Roubaix, France,&hellip;","protected":false},"author":1,"featured_media":0,"parent":0,"menu_order":99,"comment_status":"closed","ping_status":"closed","template":"","meta":{"_acf_changed":false,"footnotes":""},"class_list":["post-3","page","type-page","status-publish","hentry"],"acf":[],"yoast_head":"<!-- This site is optimized with the Yoast SEO plugin v27.6 - https:\/\/yoast.com\/product\/yoast-seo-wordpress\/ -->\n<title>Politique de confidentialit\u00e9 - Liselotte Andersen<\/title>\n<meta name=\"robots\" content=\"index, follow, max-snippet:-1, max-image-preview:large, max-video-preview:-1\" \/>\n<link rel=\"canonical\" href=\"https:\/\/www.liselotte-andersen.net\/es\/politica-de-privacidad\/\" \/>\n<meta property=\"og:locale\" content=\"es_ES\" \/>\n<meta property=\"og:type\" content=\"article\" \/>\n<meta property=\"og:title\" content=\"Politique de confidentialit\u00e9 - Liselotte Andersen\" \/>\n<meta property=\"og:url\" content=\"https:\/\/www.liselotte-andersen.net\/es\/politica-de-privacidad\/\" \/>\n<meta property=\"og:site_name\" content=\"Liselotte Andersen\" \/>\n<meta property=\"article:modified_time\" content=\"2025-11-17T10:36:08+00:00\" \/>\n<meta property=\"og:image\" content=\"https:\/\/www.liselotte-andersen.net\/wp-content\/uploads\/2025\/07\/Logo-bronze-LA-BR-e1751834958356.png\" \/>\n\t<meta property=\"og:image:width\" content=\"754\" \/>\n\t<meta property=\"og:image:height\" content=\"744\" \/>\n\t<meta property=\"og:image:type\" content=\"image\/png\" \/>\n<meta name=\"twitter:card\" content=\"summary_large_image\" \/>\n<meta name=\"twitter:label1\" content=\"Tiempo de lectura\" \/>\n\t<meta name=\"twitter:data1\" content=\"6 minutos\" \/>\n<script type=\"application\/ld+json\" class=\"yoast-schema-graph\">{\"@context\":\"https:\\\/\\\/schema.org\",\"@graph\":[{\"@type\":\"WebPage\",\"@id\":\"https:\\\/\\\/www.liselotte-andersen.net\\\/en\\\/politique-de-confidentialite\\\/\",\"url\":\"https:\\\/\\\/www.liselotte-andersen.net\\\/en\\\/politique-de-confidentialite\\\/\",\"name\":\"Politique de confidentialit\u00e9 - Liselotte Andersen\",\"isPartOf\":{\"@id\":\"https:\\\/\\\/www.liselotte-andersen.net\\\/#website\"},\"datePublished\":\"2025-04-17T13:17:52+00:00\",\"dateModified\":\"2025-11-17T10:36:08+00:00\",\"breadcrumb\":{\"@id\":\"https:\\\/\\\/www.liselotte-andersen.net\\\/en\\\/politique-de-confidentialite\\\/#breadcrumb\"},\"inLanguage\":\"es\",\"potentialAction\":[{\"@type\":\"ReadAction\",\"target\":[\"https:\\\/\\\/www.liselotte-andersen.net\\\/en\\\/politique-de-confidentialite\\\/\"]}]},{\"@type\":\"BreadcrumbList\",\"@id\":\"https:\\\/\\\/www.liselotte-andersen.net\\\/en\\\/politique-de-confidentialite\\\/#breadcrumb\",\"itemListElement\":[{\"@type\":\"ListItem\",\"position\":1,\"name\":\"Accueil\",\"item\":\"https:\\\/\\\/www.liselotte-andersen.net\\\/\"},{\"@type\":\"ListItem\",\"position\":2,\"name\":\"Politique de confidentialit\u00e9\"}]},{\"@type\":\"WebSite\",\"@id\":\"https:\\\/\\\/www.liselotte-andersen.net\\\/#website\",\"url\":\"https:\\\/\\\/www.liselotte-andersen.net\\\/\",\"name\":\"Liselotte Andersen\",\"description\":\"Sculptrice\",\"publisher\":{\"@id\":\"https:\\\/\\\/www.liselotte-andersen.net\\\/#\\\/schema\\\/person\\\/e6287e36a81c443bc328eaa434927efc\"},\"potentialAction\":[{\"@type\":\"SearchAction\",\"target\":{\"@type\":\"EntryPoint\",\"urlTemplate\":\"https:\\\/\\\/www.liselotte-andersen.net\\\/?s={search_term_string}\"},\"query-input\":{\"@type\":\"PropertyValueSpecification\",\"valueRequired\":true,\"valueName\":\"search_term_string\"}}],\"inLanguage\":\"es\"},{\"@type\":[\"Person\",\"Organization\"],\"@id\":\"https:\\\/\\\/www.liselotte-andersen.net\\\/#\\\/schema\\\/person\\\/e6287e36a81c443bc328eaa434927efc\",\"name\":\"Liselotte\",\"image\":{\"@type\":\"ImageObject\",\"inLanguage\":\"es\",\"@id\":\"https:\\\/\\\/www.liselotte-andersen.net\\\/wp-content\\\/uploads\\\/2025\\\/07\\\/Logo-bronze-LA-BR-e1751834958356.png\",\"url\":\"https:\\\/\\\/www.liselotte-andersen.net\\\/wp-content\\\/uploads\\\/2025\\\/07\\\/Logo-bronze-LA-BR-e1751834958356.png\",\"contentUrl\":\"https:\\\/\\\/www.liselotte-andersen.net\\\/wp-content\\\/uploads\\\/2025\\\/07\\\/Logo-bronze-LA-BR-e1751834958356.png\",\"width\":754,\"height\":744,\"caption\":\"Liselotte\"},\"logo\":{\"@id\":\"https:\\\/\\\/www.liselotte-andersen.net\\\/wp-content\\\/uploads\\\/2025\\\/07\\\/Logo-bronze-LA-BR-e1751834958356.png\"},\"sameAs\":[\"http:\\\/\\\/www.liselotte-andersen.net\"]}]}<\/script>\n<!-- \/ Yoast SEO plugin. -->","yoast_head_json":{"title":"Pol\u00edtica de privacidad - Liselotte Andersen","robots":{"index":"index","follow":"follow","max-snippet":"max-snippet:-1","max-image-preview":"max-image-preview:large","max-video-preview":"max-video-preview:-1"},"canonical":"https:\/\/www.liselotte-andersen.net\/es\/politica-de-privacidad\/","og_locale":"es_ES","og_type":"article","og_title":"Politique de confidentialit\u00e9 - Liselotte Andersen","og_url":"https:\/\/www.liselotte-andersen.net\/es\/politica-de-privacidad\/","og_site_name":"Liselotte Andersen","article_modified_time":"2025-11-17T10:36:08+00:00","og_image":[{"width":754,"height":744,"url":"https:\/\/www.liselotte-andersen.net\/wp-content\/uploads\/2025\/07\/Logo-bronze-LA-BR-e1751834958356.png","type":"image\/png"}],"twitter_card":"summary_large_image","twitter_misc":{"Tiempo de lectura":"6 minutos"},"schema":{"@context":"https:\/\/schema.org","@graph":[{"@type":"WebPage","@id":"https:\/\/www.liselotte-andersen.net\/en\/politique-de-confidentialite\/","url":"https:\/\/www.liselotte-andersen.net\/en\/politique-de-confidentialite\/","name":"Pol\u00edtica de privacidad - Liselotte Andersen","isPartOf":{"@id":"https:\/\/www.liselotte-andersen.net\/#website"},"datePublished":"2025-04-17T13:17:52+00:00","dateModified":"2025-11-17T10:36:08+00:00","breadcrumb":{"@id":"https:\/\/www.liselotte-andersen.net\/en\/politique-de-confidentialite\/#breadcrumb"},"inLanguage":"es","potentialAction":[{"@type":"ReadAction","target":["https:\/\/www.liselotte-andersen.net\/en\/politique-de-confidentialite\/"]}]},{"@type":"BreadcrumbList","@id":"https:\/\/www.liselotte-andersen.net\/en\/politique-de-confidentialite\/#breadcrumb","itemListElement":[{"@type":"ListItem","position":1,"name":"Accueil","item":"https:\/\/www.liselotte-andersen.net\/"},{"@type":"ListItem","position":2,"name":"Politique de confidentialit\u00e9"}]},{"@type":"WebSite","@id":"https:\/\/www.liselotte-andersen.net\/#website","url":"https:\/\/www.liselotte-andersen.net\/","name":"Liselotte Andersen","description":"Escultor","publisher":{"@id":"https:\/\/www.liselotte-andersen.net\/#\/schema\/person\/e6287e36a81c443bc328eaa434927efc"},"potentialAction":[{"@type":"SearchAction","target":{"@type":"EntryPoint","urlTemplate":"https:\/\/www.liselotte-andersen.net\/?s={search_term_string}"},"query-input":{"@type":"PropertyValueSpecification","valueRequired":true,"valueName":"search_term_string"}}],"inLanguage":"es"},{"@type":["Person","Organization"],"@id":"https:\/\/www.liselotte-andersen.net\/#\/schema\/person\/e6287e36a81c443bc328eaa434927efc","name":"Liselotte","image":{"@type":"ImageObject","inLanguage":"es","@id":"https:\/\/www.liselotte-andersen.net\/wp-content\/uploads\/2025\/07\/Logo-bronze-LA-BR-e1751834958356.png","url":"https:\/\/www.liselotte-andersen.net\/wp-content\/uploads\/2025\/07\/Logo-bronze-LA-BR-e1751834958356.png","contentUrl":"https:\/\/www.liselotte-andersen.net\/wp-content\/uploads\/2025\/07\/Logo-bronze-LA-BR-e1751834958356.png","width":754,"height":744,"caption":"Liselotte"},"logo":{"@id":"https:\/\/www.liselotte-andersen.net\/wp-content\/uploads\/2025\/07\/Logo-bronze-LA-BR-e1751834958356.png"},"sameAs":["http:\/\/www.liselotte-andersen.net"]}]}},"_links":{"self":[{"href":"https:\/\/www.liselotte-andersen.net\/es\/wp-json\/wp\/v2\/pages\/3","targetHints":{"allow":["GET"]}}],"collection":[{"href":"https:\/\/www.liselotte-andersen.net\/es\/wp-json\/wp\/v2\/pages"}],"about":[{"href":"https:\/\/www.liselotte-andersen.net\/es\/wp-json\/wp\/v2\/types\/page"}],"author":[{"embeddable":true,"href":"https:\/\/www.liselotte-andersen.net\/es\/wp-json\/wp\/v2\/users\/1"}],"replies":[{"embeddable":true,"href":"https:\/\/www.liselotte-andersen.net\/es\/wp-json\/wp\/v2\/comments?post=3"}],"version-history":[{"count":0,"href":"https:\/\/www.liselotte-andersen.net\/es\/wp-json\/wp\/v2\/pages\/3\/revisions"}],"wp:attachment":[{"href":"https:\/\/www.liselotte-andersen.net\/es\/wp-json\/wp\/v2\/media?parent=3"}],"curies":[{"name":"wp","href":"https:\/\/api.w.org\/{rel}","templated":true}]}}