{"id":65100,"date":"2025-07-22T14:39:18","date_gmt":"2025-07-22T12:39:18","guid":{"rendered":"https:\/\/www.liselotte-andersen.net\/?page_id=65100"},"modified":"2026-02-13T13:35:38","modified_gmt":"2026-02-13T12:35:38","slug":"newsletter","status":"publish","type":"page","link":"https:\/\/www.liselotte-andersen.net\/en\/newsletter\/","title":{"rendered":"Newsletter"},"content":{"rendered":"<div class=\"wpb-content-wrapper\"><div class=\"vc-row-container container\"><div class=\"vc_row wpb_row vc_row-fluid vc_custom_1769523567212\"><div class=\"wpb_column vc_column_container vc_col-sm-12\"><div class=\"vc_column-inner vc_custom_1498251402115\"><div class=\"wpb_wrapper\"><div class=\"vc_row wpb_row vc_inner vc_row-fluid vc_row-o-content-bottom vc_row-flex\"><div class=\"wpb_column vc_column_container vc_col-sm-6\"><div class=\"vc_column-inner\"><div class=\"wpb_wrapper\">\n\t<div class=\"wpb_text_column wpb_content_element vc_custom_1753436260943 post-formatting\" >\n\t\t<div class=\"wpb_wrapper\">\n\t\t\t<h1>Newsletter<\/h1>\n\n\t\t<\/div>\n\t<\/div>\n\n\t<div class=\"wpb_text_column wpb_content_element section-title post-formatting\" >\n\t\t<div class=\"wpb_wrapper\">\n\t\t\t<p>If you would like to receive future newsletters keeping you up to date with my exhibition calendar, please sign up below.<\/p>\n\n\t\t<\/div>\n\t<\/div>\n<\/div><\/div><\/div><div class=\"wpb_column vc_column_container vc_col-sm-6 vc_hidden-lg vc_hidden-md vc_hidden-sm vc_hidden-xs\"><div class=\"vc_column-inner\"><div class=\"wpb_wrapper\"><\/div><\/div><\/div><\/div><\/div><\/div><\/div><\/div><\/div><div class=\"vc-row-container container\"><div class=\"vc_row wpb_row vc_row-fluid vc_custom_1752239284422\"><div class=\"wpb_column vc_column_container vc_col-sm-12\"><div class=\"vc_column-inner\"><div class=\"wpb_wrapper\">\n\t<div class=\"wpb_text_column wpb_content_element post-formatting\" >\n\t\t<div class=\"wpb_wrapper\">\n\t\t\t<script>(function() {\n\twindow.mc4wp = window.mc4wp || {\n\t\tlisteners: [],\n\t\tforms: {\n\t\t\ton: function(evt, cb) {\n\t\t\t\twindow.mc4wp.listeners.push(\n\t\t\t\t\t{\n\t\t\t\t\t\tevent   : evt,\n\t\t\t\t\t\tcallback: cb\n\t\t\t\t\t}\n\t\t\t\t);\n\t\t\t}\n\t\t}\n\t}\n})();\n<\/script><!-- Mailchimp for WordPress v4.12.2 - https:\/\/wordpress.org\/plugins\/mailchimp-for-wp\/ --><form id=\"mc4wp-form-1\" class=\"mc4wp-form mc4wp-form-521 mc4wp-form-basic\" method=\"post\" data-id=\"521\" data-name=\"Inscription\" action=\"\" ><div class=\"mc4wp-form-fields\"><p>\r\n    <input type=\"text\" name=\"FNAME\" placeholder=\"First name \/ Pr\u00e9nom\" \/>\r\n<\/p>\r\n<p>\r\n    <input type=\"text\" name=\"LNAME\" placeholder=\"Nom \/ Last name\" \/>\r\n<\/p>\r\n<p>\r\n  \t<input type=\"email\" name=\"EMAIL\" placeholder=\"Email *\" required \/>\r\n<\/p>\r\n<p>\r\n    <label>\r\n        <input type=\"checkbox\" name=\"AGREE_TO_TERMS\" value=\"1\" required=\"\"> <a href=\"\/en\/privacy-policy\/\" target=\"_blank\"> I have read and accept the privacy policy.<\/a>\r\n    <\/label>\r\n<\/p>\r\n<p>\r\n\t<input type=\"submit\" value=\"OK\" \/>\r\n<\/p><\/div><label style=\"display: none !important;\">Leave this field empty if you're human: <input type=\"text\" name=\"_mc4wp_honeypot\" value=\"\" tabindex=\"-1\" autocomplete=\"off\" \/><\/label><input type=\"hidden\" name=\"_mc4wp_timestamp\" value=\"1777624413\" \/><input type=\"hidden\" name=\"_mc4wp_form_id\" value=\"521\" \/><input type=\"hidden\" name=\"_mc4wp_form_element_id\" value=\"mc4wp-form-1\" \/><div class=\"mc4wp-response\"><\/div><input type=\"hidden\" name=\"trp-form-language\" value=\"en\"\/><\/form><!-- \/ Mailchimp for WordPress Plugin -->\n\n\t\t<\/div>\n\t<\/div>\n<\/div><\/div><\/div><\/div><\/div>\n<\/div>","protected":false},"excerpt":{"rendered":"Newsletter To receive future newsletters keeping you up to date with my exhibition calendar, please register below. I have read and accept the privacy policy. Leave this field empty if you're human:","protected":false},"author":1,"featured_media":0,"parent":0,"menu_order":90,"comment_status":"closed","ping_status":"closed","template":"","meta":{"_acf_changed":false,"footnotes":""},"class_list":["post-65100","page","type-page","status-publish","hentry"],"acf":[],"yoast_head":"<!-- This site is optimized with the Yoast SEO plugin v27.5 - https:\/\/yoast.com\/product\/yoast-seo-wordpress\/ -->\n<title>Newsletter - Liselotte Andersen - Dates &amp; Lieux de mes expositions<\/title>\n<meta name=\"description\" content=\"Recevoir mon actualit\u00e9 sur mes dates et lieux d&#039;exposition ? Je vous invite \u00e0 vous inscrire \u00e0 ma Newsletter...\" \/>\n<meta name=\"robots\" content=\"index, follow, max-snippet:-1, max-image-preview:large, max-video-preview:-1\" \/>\n<link rel=\"canonical\" href=\"https:\/\/www.liselotte-andersen.net\/en\/newsletter\/\" \/>\n<meta property=\"og:locale\" content=\"en_GB\" \/>\n<meta property=\"og:type\" content=\"article\" \/>\n<meta property=\"og:title\" content=\"Newsletter - Liselotte Andersen - Dates &amp; Lieux de mes expositions\" \/>\n<meta property=\"og:description\" content=\"Recevoir mon actualit\u00e9 sur mes dates et lieux d&#039;exposition ? Je vous invite \u00e0 vous inscrire \u00e0 ma Newsletter...\" \/>\n<meta property=\"og:url\" content=\"https:\/\/www.liselotte-andersen.net\/en\/newsletter\/\" \/>\n<meta property=\"og:site_name\" content=\"Liselotte Andersen\" \/>\n<meta property=\"article:modified_time\" content=\"2026-02-13T12:35:38+00:00\" \/>\n<meta property=\"og:image\" content=\"https:\/\/www.liselotte-andersen.net\/wp-content\/uploads\/2025\/07\/Logo-bronze-LA-BR-e1751834958356.png\" \/>\n\t<meta property=\"og:image:width\" content=\"754\" \/>\n\t<meta property=\"og:image:height\" content=\"744\" \/>\n\t<meta property=\"og:image:type\" content=\"image\/png\" \/>\n<meta name=\"twitter:card\" content=\"summary_large_image\" \/>\n<meta name=\"twitter:label1\" content=\"Estimated reading time\" \/>\n\t<meta name=\"twitter:data1\" content=\"1 minute\" \/>\n<script type=\"application\/ld+json\" class=\"yoast-schema-graph\">{\"@context\":\"https:\\\/\\\/schema.org\",\"@graph\":[{\"@type\":\"WebPage\",\"@id\":\"https:\\\/\\\/www.liselotte-andersen.net\\\/newsletter\\\/\",\"url\":\"https:\\\/\\\/www.liselotte-andersen.net\\\/newsletter\\\/\",\"name\":\"Newsletter - Liselotte Andersen - Dates & Lieux de mes expositions\",\"isPartOf\":{\"@id\":\"https:\\\/\\\/www.liselotte-andersen.net\\\/#website\"},\"datePublished\":\"2025-07-22T12:39:18+00:00\",\"dateModified\":\"2026-02-13T12:35:38+00:00\",\"description\":\"Recevoir mon actualit\u00e9 sur mes dates et lieux d'exposition ? Je vous invite \u00e0 vous inscrire \u00e0 ma Newsletter...\",\"breadcrumb\":{\"@id\":\"https:\\\/\\\/www.liselotte-andersen.net\\\/newsletter\\\/#breadcrumb\"},\"inLanguage\":\"en-GB\",\"potentialAction\":[{\"@type\":\"ReadAction\",\"target\":[\"https:\\\/\\\/www.liselotte-andersen.net\\\/newsletter\\\/\"]}]},{\"@type\":\"BreadcrumbList\",\"@id\":\"https:\\\/\\\/www.liselotte-andersen.net\\\/newsletter\\\/#breadcrumb\",\"itemListElement\":[{\"@type\":\"ListItem\",\"position\":1,\"name\":\"Accueil\",\"item\":\"https:\\\/\\\/www.liselotte-andersen.net\\\/\"},{\"@type\":\"ListItem\",\"position\":2,\"name\":\"Newsletter\"}]},{\"@type\":\"WebSite\",\"@id\":\"https:\\\/\\\/www.liselotte-andersen.net\\\/#website\",\"url\":\"https:\\\/\\\/www.liselotte-andersen.net\\\/\",\"name\":\"Liselotte Andersen\",\"description\":\"Sculptrice\",\"publisher\":{\"@id\":\"https:\\\/\\\/www.liselotte-andersen.net\\\/#\\\/schema\\\/person\\\/e6287e36a81c443bc328eaa434927efc\"},\"potentialAction\":[{\"@type\":\"SearchAction\",\"target\":{\"@type\":\"EntryPoint\",\"urlTemplate\":\"https:\\\/\\\/www.liselotte-andersen.net\\\/?s={search_term_string}\"},\"query-input\":{\"@type\":\"PropertyValueSpecification\",\"valueRequired\":true,\"valueName\":\"search_term_string\"}}],\"inLanguage\":\"en-GB\"},{\"@type\":[\"Person\",\"Organization\"],\"@id\":\"https:\\\/\\\/www.liselotte-andersen.net\\\/#\\\/schema\\\/person\\\/e6287e36a81c443bc328eaa434927efc\",\"name\":\"Liselotte\",\"image\":{\"@type\":\"ImageObject\",\"inLanguage\":\"en-GB\",\"@id\":\"https:\\\/\\\/www.liselotte-andersen.net\\\/wp-content\\\/uploads\\\/2025\\\/07\\\/Logo-bronze-LA-BR-e1751834958356.png\",\"url\":\"https:\\\/\\\/www.liselotte-andersen.net\\\/wp-content\\\/uploads\\\/2025\\\/07\\\/Logo-bronze-LA-BR-e1751834958356.png\",\"contentUrl\":\"https:\\\/\\\/www.liselotte-andersen.net\\\/wp-content\\\/uploads\\\/2025\\\/07\\\/Logo-bronze-LA-BR-e1751834958356.png\",\"width\":754,\"height\":744,\"caption\":\"Liselotte\"},\"logo\":{\"@id\":\"https:\\\/\\\/www.liselotte-andersen.net\\\/wp-content\\\/uploads\\\/2025\\\/07\\\/Logo-bronze-LA-BR-e1751834958356.png\"},\"sameAs\":[\"http:\\\/\\\/www.liselotte-andersen.net\"]}]}<\/script>\n<!-- \/ Yoast SEO plugin. -->","yoast_head_json":{"title":"Newsletter - Liselotte Andersen - Dates &amp; Venues of my exhibitions","description":"Would you like to receive news of my exhibition dates and venues? I invite you to subscribe to my Newsletter...","robots":{"index":"index","follow":"follow","max-snippet":"max-snippet:-1","max-image-preview":"max-image-preview:large","max-video-preview":"max-video-preview:-1"},"canonical":"https:\/\/www.liselotte-andersen.net\/en\/newsletter\/","og_locale":"en_GB","og_type":"article","og_title":"Newsletter - Liselotte Andersen - Dates & Lieux de mes expositions","og_description":"Recevoir mon actualit\u00e9 sur mes dates et lieux d'exposition ? Je vous invite \u00e0 vous inscrire \u00e0 ma Newsletter...","og_url":"https:\/\/www.liselotte-andersen.net\/en\/newsletter\/","og_site_name":"Liselotte Andersen","article_modified_time":"2026-02-13T12:35:38+00:00","og_image":[{"width":754,"height":744,"url":"https:\/\/www.liselotte-andersen.net\/wp-content\/uploads\/2025\/07\/Logo-bronze-LA-BR-e1751834958356.png","type":"image\/png"}],"twitter_card":"summary_large_image","twitter_misc":{"Estimated reading time":"1 minute"},"schema":{"@context":"https:\/\/schema.org","@graph":[{"@type":"WebPage","@id":"https:\/\/www.liselotte-andersen.net\/newsletter\/","url":"https:\/\/www.liselotte-andersen.net\/newsletter\/","name":"Newsletter - Liselotte Andersen - Dates &amp; Venues of my exhibitions","isPartOf":{"@id":"https:\/\/www.liselotte-andersen.net\/#website"},"datePublished":"2025-07-22T12:39:18+00:00","dateModified":"2026-02-13T12:35:38+00:00","description":"Would you like to receive news of my exhibition dates and venues? I invite you to subscribe to my Newsletter...","breadcrumb":{"@id":"https:\/\/www.liselotte-andersen.net\/newsletter\/#breadcrumb"},"inLanguage":"en-GB","potentialAction":[{"@type":"ReadAction","target":["https:\/\/www.liselotte-andersen.net\/newsletter\/"]}]},{"@type":"BreadcrumbList","@id":"https:\/\/www.liselotte-andersen.net\/newsletter\/#breadcrumb","itemListElement":[{"@type":"ListItem","position":1,"name":"Accueil","item":"https:\/\/www.liselotte-andersen.net\/"},{"@type":"ListItem","position":2,"name":"Newsletter"}]},{"@type":"WebSite","@id":"https:\/\/www.liselotte-andersen.net\/#website","url":"https:\/\/www.liselotte-andersen.net\/","name":"Liselotte Andersen","description":"Sculptor","publisher":{"@id":"https:\/\/www.liselotte-andersen.net\/#\/schema\/person\/e6287e36a81c443bc328eaa434927efc"},"potentialAction":[{"@type":"SearchAction","target":{"@type":"EntryPoint","urlTemplate":"https:\/\/www.liselotte-andersen.net\/?s={search_term_string}"},"query-input":{"@type":"PropertyValueSpecification","valueRequired":true,"valueName":"search_term_string"}}],"inLanguage":"en-GB"},{"@type":["Person","Organization"],"@id":"https:\/\/www.liselotte-andersen.net\/#\/schema\/person\/e6287e36a81c443bc328eaa434927efc","name":"Liselotte","image":{"@type":"ImageObject","inLanguage":"en-GB","@id":"https:\/\/www.liselotte-andersen.net\/wp-content\/uploads\/2025\/07\/Logo-bronze-LA-BR-e1751834958356.png","url":"https:\/\/www.liselotte-andersen.net\/wp-content\/uploads\/2025\/07\/Logo-bronze-LA-BR-e1751834958356.png","contentUrl":"https:\/\/www.liselotte-andersen.net\/wp-content\/uploads\/2025\/07\/Logo-bronze-LA-BR-e1751834958356.png","width":754,"height":744,"caption":"Liselotte"},"logo":{"@id":"https:\/\/www.liselotte-andersen.net\/wp-content\/uploads\/2025\/07\/Logo-bronze-LA-BR-e1751834958356.png"},"sameAs":["http:\/\/www.liselotte-andersen.net"]}]}},"_links":{"self":[{"href":"https:\/\/www.liselotte-andersen.net\/en\/wp-json\/wp\/v2\/pages\/65100","targetHints":{"allow":["GET"]}}],"collection":[{"href":"https:\/\/www.liselotte-andersen.net\/en\/wp-json\/wp\/v2\/pages"}],"about":[{"href":"https:\/\/www.liselotte-andersen.net\/en\/wp-json\/wp\/v2\/types\/page"}],"author":[{"embeddable":true,"href":"https:\/\/www.liselotte-andersen.net\/en\/wp-json\/wp\/v2\/users\/1"}],"replies":[{"embeddable":true,"href":"https:\/\/www.liselotte-andersen.net\/en\/wp-json\/wp\/v2\/comments?post=65100"}],"version-history":[{"count":1,"href":"https:\/\/www.liselotte-andersen.net\/en\/wp-json\/wp\/v2\/pages\/65100\/revisions"}],"predecessor-version":[{"id":67459,"href":"https:\/\/www.liselotte-andersen.net\/en\/wp-json\/wp\/v2\/pages\/65100\/revisions\/67459"}],"wp:attachment":[{"href":"https:\/\/www.liselotte-andersen.net\/en\/wp-json\/wp\/v2\/media?parent=65100"}],"curies":[{"name":"wp","href":"https:\/\/api.w.org\/{rel}","templated":true}]}}