{"id":64586,"date":"2025-04-29T22:57:04","date_gmt":"2025-04-29T20:57:04","guid":{"rendered":"https:\/\/www.liselotte-andersen.net\/?page_id=64586"},"modified":"2026-02-13T13:06:28","modified_gmt":"2026-02-13T12:06:28","slug":"finish","status":"publish","type":"page","link":"http:\/\/www.liselotte-andersen.net\/en\/sculptures\/finition\/","title":{"rendered":"By finish"},"content":{"rendered":"","protected":false},"excerpt":{"rendered":"","protected":false},"author":1,"featured_media":0,"parent":3359,"menu_order":3,"comment_status":"closed","ping_status":"closed","template":"portfolio.php","meta":{"_acf_changed":false,"footnotes":""},"class_list":["post-64586","page","type-page","status-publish","hentry"],"acf":[],"yoast_head":"<!-- This site is optimized with the Yoast SEO plugin v27.6 - https:\/\/yoast.com\/product\/yoast-seo-wordpress\/ -->\n<title>Par finition - Liselotte Andersen - Sculptures en bronze<\/title>\n<meta name=\"description\" content=\"Sculptures en bronze, style semi-figuratif abstrait \u00e9pur\u00e9, class\u00e9es par th\u00e8me, par taille et par finition: bronze brut, patin\u00e9 ou semi-patin\u00e9\" \/>\n<meta name=\"robots\" content=\"index, follow, max-snippet:-1, max-image-preview:large, max-video-preview:-1\" \/>\n<link rel=\"canonical\" href=\"https:\/\/www.liselotte-andersen.net\/en\/sculptures\/finish\/\" \/>\n<meta property=\"og:locale\" content=\"en_GB\" \/>\n<meta property=\"og:type\" content=\"article\" \/>\n<meta property=\"og:title\" content=\"Par finition - Liselotte Andersen - Sculptures en bronze\" \/>\n<meta property=\"og:description\" content=\"Sculptures en bronze, style semi-figuratif abstrait \u00e9pur\u00e9, class\u00e9es par th\u00e8me, par taille et par finition: bronze brut, patin\u00e9 ou semi-patin\u00e9\" \/>\n<meta property=\"og:url\" content=\"https:\/\/www.liselotte-andersen.net\/en\/sculptures\/finish\/\" \/>\n<meta property=\"og:site_name\" content=\"Liselotte Andersen\" \/>\n<meta property=\"article:modified_time\" content=\"2026-02-13T12:06:28+00:00\" \/>\n<meta property=\"og:image\" content=\"https:\/\/www.liselotte-andersen.net\/wp-content\/uploads\/2025\/07\/Logo-bronze-LA-BR-e1751834958356.png\" \/>\n\t<meta property=\"og:image:width\" content=\"754\" \/>\n\t<meta property=\"og:image:height\" content=\"744\" \/>\n\t<meta property=\"og:image:type\" content=\"image\/png\" \/>\n<meta name=\"twitter:card\" content=\"summary_large_image\" \/>\n<script type=\"application\/ld+json\" class=\"yoast-schema-graph\">{\"@context\":\"https:\\\/\\\/schema.org\",\"@graph\":[{\"@type\":\"WebPage\",\"@id\":\"https:\\\/\\\/www.liselotte-andersen.net\\\/sculptures\\\/finition\\\/\",\"url\":\"https:\\\/\\\/www.liselotte-andersen.net\\\/sculptures\\\/finition\\\/\",\"name\":\"Par finition - Liselotte Andersen - Sculptures en bronze\",\"isPartOf\":{\"@id\":\"https:\\\/\\\/www.liselotte-andersen.net\\\/#website\"},\"datePublished\":\"2025-04-29T20:57:04+00:00\",\"dateModified\":\"2026-02-13T12:06:28+00:00\",\"description\":\"Sculptures en bronze, style semi-figuratif abstrait \u00e9pur\u00e9, class\u00e9es par th\u00e8me, par taille et par finition: bronze brut, patin\u00e9 ou semi-patin\u00e9\",\"breadcrumb\":{\"@id\":\"https:\\\/\\\/www.liselotte-andersen.net\\\/sculptures\\\/finition\\\/#breadcrumb\"},\"inLanguage\":\"en-GB\",\"potentialAction\":[{\"@type\":\"ReadAction\",\"target\":[\"https:\\\/\\\/www.liselotte-andersen.net\\\/sculptures\\\/finition\\\/\"]}]},{\"@type\":\"BreadcrumbList\",\"@id\":\"https:\\\/\\\/www.liselotte-andersen.net\\\/sculptures\\\/finition\\\/#breadcrumb\",\"itemListElement\":[{\"@type\":\"ListItem\",\"position\":1,\"name\":\"Accueil\",\"item\":\"https:\\\/\\\/www.liselotte-andersen.net\\\/\"},{\"@type\":\"ListItem\",\"position\":2,\"name\":\"Sculptures\",\"item\":\"https:\\\/\\\/www.liselotte-andersen.net\\\/sculptures\\\/\"},{\"@type\":\"ListItem\",\"position\":3,\"name\":\"Par finition\"}]},{\"@type\":\"WebSite\",\"@id\":\"https:\\\/\\\/www.liselotte-andersen.net\\\/#website\",\"url\":\"https:\\\/\\\/www.liselotte-andersen.net\\\/\",\"name\":\"Liselotte Andersen\",\"description\":\"Sculptrice\",\"publisher\":{\"@id\":\"https:\\\/\\\/www.liselotte-andersen.net\\\/#\\\/schema\\\/person\\\/e6287e36a81c443bc328eaa434927efc\"},\"potentialAction\":[{\"@type\":\"SearchAction\",\"target\":{\"@type\":\"EntryPoint\",\"urlTemplate\":\"https:\\\/\\\/www.liselotte-andersen.net\\\/?s={search_term_string}\"},\"query-input\":{\"@type\":\"PropertyValueSpecification\",\"valueRequired\":true,\"valueName\":\"search_term_string\"}}],\"inLanguage\":\"en-GB\"},{\"@type\":[\"Person\",\"Organization\"],\"@id\":\"https:\\\/\\\/www.liselotte-andersen.net\\\/#\\\/schema\\\/person\\\/e6287e36a81c443bc328eaa434927efc\",\"name\":\"Liselotte\",\"image\":{\"@type\":\"ImageObject\",\"inLanguage\":\"en-GB\",\"@id\":\"https:\\\/\\\/www.liselotte-andersen.net\\\/wp-content\\\/uploads\\\/2025\\\/07\\\/Logo-bronze-LA-BR-e1751834958356.png\",\"url\":\"https:\\\/\\\/www.liselotte-andersen.net\\\/wp-content\\\/uploads\\\/2025\\\/07\\\/Logo-bronze-LA-BR-e1751834958356.png\",\"contentUrl\":\"https:\\\/\\\/www.liselotte-andersen.net\\\/wp-content\\\/uploads\\\/2025\\\/07\\\/Logo-bronze-LA-BR-e1751834958356.png\",\"width\":754,\"height\":744,\"caption\":\"Liselotte\"},\"logo\":{\"@id\":\"https:\\\/\\\/www.liselotte-andersen.net\\\/wp-content\\\/uploads\\\/2025\\\/07\\\/Logo-bronze-LA-BR-e1751834958356.png\"},\"sameAs\":[\"http:\\\/\\\/www.liselotte-andersen.net\"]}]}<\/script>\n<!-- \/ Yoast SEO plugin. -->","yoast_head_json":{"title":"Par finition - Liselotte Andersen - Bronze sculptures","description":"Bronze sculptures in a refined abstract semi-figurative style, classified by theme, size and finish: unfinished, patinated or semi-patinated bronze.","robots":{"index":"index","follow":"follow","max-snippet":"max-snippet:-1","max-image-preview":"max-image-preview:large","max-video-preview":"max-video-preview:-1"},"canonical":"https:\/\/www.liselotte-andersen.net\/en\/sculptures\/finish\/","og_locale":"en_GB","og_type":"article","og_title":"Par finition - Liselotte Andersen - Sculptures en bronze","og_description":"Sculptures en bronze, style semi-figuratif abstrait \u00e9pur\u00e9, class\u00e9es par th\u00e8me, par taille et par finition: bronze brut, patin\u00e9 ou semi-patin\u00e9","og_url":"https:\/\/www.liselotte-andersen.net\/en\/sculptures\/finish\/","og_site_name":"Liselotte Andersen","article_modified_time":"2026-02-13T12:06:28+00:00","og_image":[{"width":754,"height":744,"url":"https:\/\/www.liselotte-andersen.net\/wp-content\/uploads\/2025\/07\/Logo-bronze-LA-BR-e1751834958356.png","type":"image\/png"}],"twitter_card":"summary_large_image","schema":{"@context":"https:\/\/schema.org","@graph":[{"@type":"WebPage","@id":"https:\/\/www.liselotte-andersen.net\/sculptures\/finition\/","url":"https:\/\/www.liselotte-andersen.net\/sculptures\/finition\/","name":"Par finition - Liselotte Andersen - Bronze sculptures","isPartOf":{"@id":"https:\/\/www.liselotte-andersen.net\/#website"},"datePublished":"2025-04-29T20:57:04+00:00","dateModified":"2026-02-13T12:06:28+00:00","description":"Bronze sculptures in a refined abstract semi-figurative style, classified by theme, size and finish: unfinished, patinated or semi-patinated bronze.","breadcrumb":{"@id":"https:\/\/www.liselotte-andersen.net\/sculptures\/finition\/#breadcrumb"},"inLanguage":"en-GB","potentialAction":[{"@type":"ReadAction","target":["https:\/\/www.liselotte-andersen.net\/sculptures\/finition\/"]}]},{"@type":"BreadcrumbList","@id":"https:\/\/www.liselotte-andersen.net\/sculptures\/finition\/#breadcrumb","itemListElement":[{"@type":"ListItem","position":1,"name":"Accueil","item":"https:\/\/www.liselotte-andersen.net\/"},{"@type":"ListItem","position":2,"name":"Sculptures","item":"https:\/\/www.liselotte-andersen.net\/sculptures\/"},{"@type":"ListItem","position":3,"name":"Par finition"}]},{"@type":"WebSite","@id":"https:\/\/www.liselotte-andersen.net\/#website","url":"https:\/\/www.liselotte-andersen.net\/","name":"Liselotte Andersen","description":"Sculptor","publisher":{"@id":"https:\/\/www.liselotte-andersen.net\/#\/schema\/person\/e6287e36a81c443bc328eaa434927efc"},"potentialAction":[{"@type":"SearchAction","target":{"@type":"EntryPoint","urlTemplate":"https:\/\/www.liselotte-andersen.net\/?s={search_term_string}"},"query-input":{"@type":"PropertyValueSpecification","valueRequired":true,"valueName":"search_term_string"}}],"inLanguage":"en-GB"},{"@type":["Person","Organization"],"@id":"https:\/\/www.liselotte-andersen.net\/#\/schema\/person\/e6287e36a81c443bc328eaa434927efc","name":"Liselotte","image":{"@type":"ImageObject","inLanguage":"en-GB","@id":"https:\/\/www.liselotte-andersen.net\/wp-content\/uploads\/2025\/07\/Logo-bronze-LA-BR-e1751834958356.png","url":"https:\/\/www.liselotte-andersen.net\/wp-content\/uploads\/2025\/07\/Logo-bronze-LA-BR-e1751834958356.png","contentUrl":"https:\/\/www.liselotte-andersen.net\/wp-content\/uploads\/2025\/07\/Logo-bronze-LA-BR-e1751834958356.png","width":754,"height":744,"caption":"Liselotte"},"logo":{"@id":"https:\/\/www.liselotte-andersen.net\/wp-content\/uploads\/2025\/07\/Logo-bronze-LA-BR-e1751834958356.png"},"sameAs":["http:\/\/www.liselotte-andersen.net"]}]}},"_links":{"self":[{"href":"http:\/\/www.liselotte-andersen.net\/en\/wp-json\/wp\/v2\/pages\/64586","targetHints":{"allow":["GET"]}}],"collection":[{"href":"http:\/\/www.liselotte-andersen.net\/en\/wp-json\/wp\/v2\/pages"}],"about":[{"href":"http:\/\/www.liselotte-andersen.net\/en\/wp-json\/wp\/v2\/types\/page"}],"author":[{"embeddable":true,"href":"http:\/\/www.liselotte-andersen.net\/en\/wp-json\/wp\/v2\/users\/1"}],"replies":[{"embeddable":true,"href":"http:\/\/www.liselotte-andersen.net\/en\/wp-json\/wp\/v2\/comments?post=64586"}],"version-history":[{"count":1,"href":"http:\/\/www.liselotte-andersen.net\/en\/wp-json\/wp\/v2\/pages\/64586\/revisions"}],"predecessor-version":[{"id":67452,"href":"http:\/\/www.liselotte-andersen.net\/en\/wp-json\/wp\/v2\/pages\/64586\/revisions\/67452"}],"up":[{"embeddable":true,"href":"http:\/\/www.liselotte-andersen.net\/en\/wp-json\/wp\/v2\/pages\/3359"}],"wp:attachment":[{"href":"http:\/\/www.liselotte-andersen.net\/en\/wp-json\/wp\/v2\/media?parent=64586"}],"curies":[{"name":"wp","href":"https:\/\/api.w.org\/{rel}","templated":true}]}}